{"id":34,"date":"2021-08-18T11:01:47","date_gmt":"2021-08-18T11:01:47","guid":{"rendered":"https:\/\/autourdecommedia.be\/?page_id=34"},"modified":"2024-02-12T08:59:50","modified_gmt":"2024-02-12T08:59:50","slug":"apres-lanimation","status":"publish","type":"page","link":"https:\/\/autourdecommedia.be\/?page_id=34","title":{"rendered":"Apr\u00e8s l&rsquo;animation"},"content":{"rendered":"\n<p><em>Envie d&rsquo;aller plus loin apr\u00e8s l&rsquo;animation?<\/em><br><em>De trouver d&rsquo;autres axes de l&rsquo;\u00e9ducation aux m\u00e9dias \u00e0 explorer en classe?<br>De porter un projet au sein de votre \u00e9cole?<\/em><\/p>\n\n\n\n<div class=\"wp-block-media-text alignwide is-stacked-on-mobile\"><figure class=\"wp-block-media-text__media\"><img loading=\"lazy\" decoding=\"async\" width=\"827\" height=\"532\" src=\"https:\/\/autourdecommedia.be\/wp-content\/uploads\/2023\/11\/Cest-pas-source.png\" alt=\"\" class=\"wp-image-356 size-full\" srcset=\"https:\/\/autourdecommedia.be\/wp-content\/uploads\/2023\/11\/Cest-pas-source.png 827w, https:\/\/autourdecommedia.be\/wp-content\/uploads\/2023\/11\/Cest-pas-source-300x193.png 300w, https:\/\/autourdecommedia.be\/wp-content\/uploads\/2023\/11\/Cest-pas-source-768x494.png 768w\" sizes=\"auto, (max-width: 827px) 100vw, 827px\" \/><\/figure><div class=\"wp-block-media-text__content\">\n<p class=\"has-medium-font-size\">Un jeu de r\u00f4le cr\u00e9\u00e9 par Action M\u00e9dia Jeunes \u00e0 faire en classe.<\/p>\n\n\n\n<p class=\"has-medium-font-size\">2h pour se questionner sur la v\u00e9rification des sources d&rsquo;information.<\/p>\n\n\n\n<p class=\"has-medium-font-size\">Animation gratuite dans votre classe (5-6 sec) par l&rsquo;InfoJ sur demande (infoj@centreindigo.org)<\/p>\n<\/div><\/div>\n\n\n\n<div class=\"wp-block-media-text alignwide is-stacked-on-mobile\"><figure class=\"wp-block-media-text__media\"><a href=\"https:\/\/acmj.be\/outilultime\/\" target=\"_blank\" rel=\"noopener\"><img loading=\"lazy\" decoding=\"async\" width=\"600\" height=\"600\" src=\"https:\/\/autourdecommedia.be\/wp-content\/uploads\/2021\/09\/119049710_1376484652543673_413061926587285360_n.jpg\" alt=\"\" class=\"wp-image-231 size-full\" srcset=\"https:\/\/autourdecommedia.be\/wp-content\/uploads\/2021\/09\/119049710_1376484652543673_413061926587285360_n.jpg 600w, https:\/\/autourdecommedia.be\/wp-content\/uploads\/2021\/09\/119049710_1376484652543673_413061926587285360_n-300x300.jpg 300w, https:\/\/autourdecommedia.be\/wp-content\/uploads\/2021\/09\/119049710_1376484652543673_413061926587285360_n-150x150.jpg 150w, https:\/\/autourdecommedia.be\/wp-content\/uploads\/2021\/09\/119049710_1376484652543673_413061926587285360_n-510x510.jpg 510w\" sizes=\"auto, (max-width: 600px) 100vw, 600px\" \/><\/a><\/figure><div class=\"wp-block-media-text__content\">\n<p class=\"has-medium-font-size\"><a rel=\"noreferrer noopener\" href=\"https:\/\/www.actionmediasjeunes.be\/\" target=\"_blank\">Action M\u00e9dias Jeunes<\/a> a d\u00e9velopp\u00e9 un outil d&rsquo;\u00e9ducation aux m\u00e9dias pr\u00eat \u00e0 l&#8217;emploi \u00e0 destination des enseignants du 3\u00e8 degr\u00e9 du secondaire.<\/p>\n<\/div><\/div>\n\n\n\n<p><\/p>\n\n\n\n<div class=\"wp-block-media-text alignwide is-stacked-on-mobile\"><figure class=\"wp-block-media-text__media\"><a href=\"https:\/\/www.csem.be\" target=\"_blank\" rel=\"noopener\"><img loading=\"lazy\" decoding=\"async\" width=\"1024\" height=\"263\" src=\"https:\/\/autourdecommedia.be\/wp-content\/uploads\/2021\/09\/logo_csem_long_0-1024x263.png\" alt=\"\" class=\"wp-image-284 size-full\" srcset=\"https:\/\/autourdecommedia.be\/wp-content\/uploads\/2021\/09\/logo_csem_long_0-1024x263.png 1024w, https:\/\/autourdecommedia.be\/wp-content\/uploads\/2021\/09\/logo_csem_long_0-300x77.png 300w, https:\/\/autourdecommedia.be\/wp-content\/uploads\/2021\/09\/logo_csem_long_0-768x197.png 768w, https:\/\/autourdecommedia.be\/wp-content\/uploads\/2021\/09\/logo_csem_long_0-1536x395.png 1536w, https:\/\/autourdecommedia.be\/wp-content\/uploads\/2021\/09\/logo_csem_long_0-2048x526.png 2048w\" sizes=\"auto, (max-width: 1024px) 100vw, 1024px\" \/><\/a><\/figure><div class=\"wp-block-media-text__content\">\n<p class=\"has-medium-font-size\"><a href=\"https:\/\/www.csem.be\/\" target=\"_blank\" rel=\"noreferrer noopener\">Le CSEM<\/a> est le site de la F\u00e9d\u00e9ration Wallonie-Bruxelles ax\u00e9 sur l&rsquo;\u00e9ducation aux m\u00e9dias. On y trouve appels \u00e0 projets, op\u00e9rateurs, actualit\u00e9s&#8230;<\/p>\n<\/div><\/div>\n\n\n\n<div class=\"wp-block-media-text alignwide is-stacked-on-mobile\"><figure class=\"wp-block-media-text__media\"><img loading=\"lazy\" decoding=\"async\" width=\"1024\" height=\"282\" src=\"https:\/\/autourdecommedia.be\/wp-content\/uploads\/2021\/09\/584826d9cef1014c0b5e49d8-1024x282.png\" alt=\"\" class=\"wp-image-304 size-full\" srcset=\"https:\/\/autourdecommedia.be\/wp-content\/uploads\/2021\/09\/584826d9cef1014c0b5e49d8-1024x282.png 1024w, https:\/\/autourdecommedia.be\/wp-content\/uploads\/2021\/09\/584826d9cef1014c0b5e49d8-300x83.png 300w, https:\/\/autourdecommedia.be\/wp-content\/uploads\/2021\/09\/584826d9cef1014c0b5e49d8-768x211.png 768w, https:\/\/autourdecommedia.be\/wp-content\/uploads\/2021\/09\/584826d9cef1014c0b5e49d8.png 1280w\" sizes=\"auto, (max-width: 1024px) 100vw, 1024px\" \/><\/figure><div class=\"wp-block-media-text__content\">\n<p class=\"has-medium-font-size\">De nombreuses visites\/animations sont pr\u00e9vues par la <a href=\"https:\/\/www.rtbf.be\/entreprise\/education-aux-medias#participer\" target=\"_blank\" rel=\"noreferrer noopener\">RTBF<\/a><\/p>\n<\/div><\/div>\n\n\n\n<p><\/p>\n","protected":false},"excerpt":{"rendered":"<p>Envie d&rsquo;aller plus loin apr\u00e8s l&rsquo;animation?De trouver d&rsquo;autres axes de l&rsquo;\u00e9ducation aux m\u00e9dias \u00e0 explorer en classe?De porter un projet au sein de votre \u00e9cole? Un jeu de r\u00f4le cr\u00e9\u00e9 par Action M\u00e9dia Jeunes \u00e0 faire en classe. 2h pour se questionner sur la v\u00e9rification des sources d&rsquo;information. Animation gratuite dans votre classe (5-6 sec) [&hellip;]<\/p>\n","protected":false},"author":2,"featured_media":0,"parent":0,"menu_order":0,"comment_status":"closed","ping_status":"closed","template":"","meta":{"footnotes":""},"class_list":["post-34","page","type-page","status-publish","czr-hentry"],"_links":{"self":[{"href":"https:\/\/autourdecommedia.be\/index.php?rest_route=\/wp\/v2\/pages\/34","targetHints":{"allow":["GET"]}}],"collection":[{"href":"https:\/\/autourdecommedia.be\/index.php?rest_route=\/wp\/v2\/pages"}],"about":[{"href":"https:\/\/autourdecommedia.be\/index.php?rest_route=\/wp\/v2\/types\/page"}],"author":[{"embeddable":true,"href":"https:\/\/autourdecommedia.be\/index.php?rest_route=\/wp\/v2\/users\/2"}],"replies":[{"embeddable":true,"href":"https:\/\/autourdecommedia.be\/index.php?rest_route=%2Fwp%2Fv2%2Fcomments&post=34"}],"version-history":[{"count":19,"href":"https:\/\/autourdecommedia.be\/index.php?rest_route=\/wp\/v2\/pages\/34\/revisions"}],"predecessor-version":[{"id":363,"href":"https:\/\/autourdecommedia.be\/index.php?rest_route=\/wp\/v2\/pages\/34\/revisions\/363"}],"wp:attachment":[{"href":"https:\/\/autourdecommedia.be\/index.php?rest_route=%2Fwp%2Fv2%2Fmedia&parent=34"}],"curies":[{"name":"wp","href":"https:\/\/api.w.org\/{rel}","templated":true}]}}