{"id":33,"date":"2021-08-18T11:01:47","date_gmt":"2021-08-18T11:01:47","guid":{"rendered":"https:\/\/autourdecommedia.be\/?page_id=33"},"modified":"2023-11-17T13:33:42","modified_gmt":"2023-11-17T13:33:42","slug":"avant-lanimation","status":"publish","type":"page","link":"https:\/\/autourdecommedia.be\/?page_id=33","title":{"rendered":"Avant l&rsquo;animation"},"content":{"rendered":"\n<div class=\"wp-block-columns is-layout-flex wp-container-core-columns-is-layout-9d6595d7 wp-block-columns-is-layout-flex\">\n<div class=\"wp-block-column is-layout-flow wp-block-column-is-layout-flow\">\n<div class=\"wp-block-image\"><figure class=\"aligncenter size-large is-resized\"><img loading=\"lazy\" decoding=\"async\" src=\"https:\/\/autourdecommedia.be\/wp-content\/uploads\/2021\/09\/bouton-24h-dans-une-re\u0301daction-1024x1024.png\" alt=\"\" class=\"wp-image-323\" width=\"240\" height=\"240\" srcset=\"https:\/\/autourdecommedia.be\/wp-content\/uploads\/2021\/09\/bouton-24h-dans-une-re\u0301daction-1024x1024.png 1024w, https:\/\/autourdecommedia.be\/wp-content\/uploads\/2021\/09\/bouton-24h-dans-une-re\u0301daction-300x300.png 300w, https:\/\/autourdecommedia.be\/wp-content\/uploads\/2021\/09\/bouton-24h-dans-une-re\u0301daction-150x150.png 150w, https:\/\/autourdecommedia.be\/wp-content\/uploads\/2021\/09\/bouton-24h-dans-une-re\u0301daction-768x768.png 768w, https:\/\/autourdecommedia.be\/wp-content\/uploads\/2021\/09\/bouton-24h-dans-une-re\u0301daction-510x510.png 510w, https:\/\/autourdecommedia.be\/wp-content\/uploads\/2021\/09\/bouton-24h-dans-une-re\u0301daction.png 1080w\" sizes=\"auto, (max-width: 240px) 100vw, 240px\" \/><figcaption>Sur le site <em><a href=\"https:\/\/24hdansuneredaction.com\/\" target=\"_blank\" rel=\"noreferrer noopener\">24hdansuneredaction.com<\/a><\/em>, il y a une mine d&rsquo;astuces pour bien se pr\u00e9parer \u00e0 faire de l&rsquo;information<\/figcaption><\/figure><\/div>\n<\/div>\n\n\n\n<div class=\"wp-block-column is-layout-flow wp-block-column-is-layout-flow\">\n<div class=\"wp-block-image\"><figure class=\"aligncenter size-full is-resized\"><a href=\"https:\/\/www.mojo-manual.org\/\" target=\"_blank\" rel=\"noopener\"><img loading=\"lazy\" decoding=\"async\" src=\"https:\/\/autourdecommedia.be\/wp-content\/uploads\/2021\/09\/bouton-prises-de-vues.png\" alt=\"\" class=\"wp-image-325\" width=\"240\" height=\"240\" srcset=\"https:\/\/autourdecommedia.be\/wp-content\/uploads\/2021\/09\/bouton-prises-de-vues.png 960w, https:\/\/autourdecommedia.be\/wp-content\/uploads\/2021\/09\/bouton-prises-de-vues-300x300.png 300w, https:\/\/autourdecommedia.be\/wp-content\/uploads\/2021\/09\/bouton-prises-de-vues-150x150.png 150w, https:\/\/autourdecommedia.be\/wp-content\/uploads\/2021\/09\/bouton-prises-de-vues-768x768.png 768w, https:\/\/autourdecommedia.be\/wp-content\/uploads\/2021\/09\/bouton-prises-de-vues-510x510.png 510w\" sizes=\"auto, (max-width: 240px) 100vw, 240px\" \/><\/a><figcaption><em><a href=\"http:\/\/mojo-manual.org\" target=\"_blank\" rel=\"noreferrer noopener\">mojo-manual.org<\/a><\/em> est un site qui offre plein de conseils pour faire du journalisme sur mobile. Ici, la notion sur les prises de vues correspond \u00e0 ce que les \u00e9l\u00e8ves feront en animation<\/figcaption><\/figure><\/div>\n<\/div>\n\n\n\n<div class=\"wp-block-column is-layout-flow wp-block-column-is-layout-flow\">\n<div class=\"wp-block-image\"><figure class=\"aligncenter size-full\"><img decoding=\"async\" src=\"https:\/\/autourdecommedia.be\/wp-content\/uploads\/2021\/09\/bouton-les-fake-news.png\" alt=\"\" class=\"wp-image-326\"\/><\/figure><\/div>\n\n\n\n<p class=\"has-text-align-center\">5 approches de <a rel=\"noreferrer noopener\" href=\"https:\/\/media-animation.be\/Critiquer-l-info-5-approches-pour-une-education-aux-medias\" target=\"_blank\"><em>critique de l&rsquo;information<\/em><\/a><\/p>\n<\/div>\n<\/div>\n\n\n\n<p><\/p>\n\n\n\n<p class=\"has-text-align-center\"><\/p>\n\n\n\n<p><\/p>\n","protected":false},"excerpt":{"rendered":"<p>5 approches de critique de l&rsquo;information<\/p>\n","protected":false},"author":2,"featured_media":0,"parent":0,"menu_order":0,"comment_status":"closed","ping_status":"closed","template":"","meta":{"footnotes":""},"class_list":["post-33","page","type-page","status-publish","czr-hentry"],"_links":{"self":[{"href":"https:\/\/autourdecommedia.be\/index.php?rest_route=\/wp\/v2\/pages\/33","targetHints":{"allow":["GET"]}}],"collection":[{"href":"https:\/\/autourdecommedia.be\/index.php?rest_route=\/wp\/v2\/pages"}],"about":[{"href":"https:\/\/autourdecommedia.be\/index.php?rest_route=\/wp\/v2\/types\/page"}],"author":[{"embeddable":true,"href":"https:\/\/autourdecommedia.be\/index.php?rest_route=\/wp\/v2\/users\/2"}],"replies":[{"embeddable":true,"href":"https:\/\/autourdecommedia.be\/index.php?rest_route=%2Fwp%2Fv2%2Fcomments&post=33"}],"version-history":[{"count":13,"href":"https:\/\/autourdecommedia.be\/index.php?rest_route=\/wp\/v2\/pages\/33\/revisions"}],"predecessor-version":[{"id":354,"href":"https:\/\/autourdecommedia.be\/index.php?rest_route=\/wp\/v2\/pages\/33\/revisions\/354"}],"wp:attachment":[{"href":"https:\/\/autourdecommedia.be\/index.php?rest_route=%2Fwp%2Fv2%2Fmedia&parent=33"}],"curies":[{"name":"wp","href":"https:\/\/api.w.org\/{rel}","templated":true}]}}