{"id":201,"date":"2021-09-09T12:25:24","date_gmt":"2021-09-09T12:25:24","guid":{"rendered":"https:\/\/autourdecommedia.be\/?page_id=201"},"modified":"2025-05-23T09:24:09","modified_gmt":"2025-05-23T09:24:09","slug":"les-partenaires","status":"publish","type":"page","link":"https:\/\/autourdecommedia.be\/?page_id=201","title":{"rendered":"Les partenaires"},"content":{"rendered":"\n<p>Ce projet est issu d&rsquo;un partenariat entre <br><a href=\"https:\/\/www.laicite-lalouviere.be\/\" target=\"_blank\" rel=\"noreferrer noopener\">La Maison de la La\u00efcit\u00e9 de La Louvi\u00e8re<\/a>, <br><a href=\"http:\/\/www.latitudejeunes.be\/les-regionales\/centre-charleroi-soignies\/\" target=\"_blank\" rel=\"noreferrer noopener\">Latitude Jeunes<\/a>, <br>l\u2019<a href=\"https:\/\/www.infoj.be\/\" target=\"_blank\" rel=\"noreferrer noopener\">Info-J du Centre Indigo<\/a> et <br>le <a href=\"https:\/\/www.gsara.be\/\" target=\"_blank\" rel=\"noreferrer noopener\">Gsara<\/a>.<\/p>\n\n\n\n<p><\/p>\n","protected":false},"excerpt":{"rendered":"<p>Ce projet est issu d&rsquo;un partenariat entre La Maison de la La\u00efcit\u00e9 de La Louvi\u00e8re, Latitude Jeunes, l\u2019Info-J du Centre Indigo et le Gsara.<\/p>\n","protected":false},"author":3,"featured_media":246,"parent":0,"menu_order":0,"comment_status":"closed","ping_status":"closed","template":"","meta":{"footnotes":""},"class_list":["post-201","page","type-page","status-publish","has-post-thumbnail","czr-hentry"],"_links":{"self":[{"href":"https:\/\/autourdecommedia.be\/index.php?rest_route=\/wp\/v2\/pages\/201","targetHints":{"allow":["GET"]}}],"collection":[{"href":"https:\/\/autourdecommedia.be\/index.php?rest_route=\/wp\/v2\/pages"}],"about":[{"href":"https:\/\/autourdecommedia.be\/index.php?rest_route=\/wp\/v2\/types\/page"}],"author":[{"embeddable":true,"href":"https:\/\/autourdecommedia.be\/index.php?rest_route=\/wp\/v2\/users\/3"}],"replies":[{"embeddable":true,"href":"https:\/\/autourdecommedia.be\/index.php?rest_route=%2Fwp%2Fv2%2Fcomments&post=201"}],"version-history":[{"count":6,"href":"https:\/\/autourdecommedia.be\/index.php?rest_route=\/wp\/v2\/pages\/201\/revisions"}],"predecessor-version":[{"id":377,"href":"https:\/\/autourdecommedia.be\/index.php?rest_route=\/wp\/v2\/pages\/201\/revisions\/377"}],"wp:featuredmedia":[{"embeddable":true,"href":"https:\/\/autourdecommedia.be\/index.php?rest_route=\/wp\/v2\/media\/246"}],"wp:attachment":[{"href":"https:\/\/autourdecommedia.be\/index.php?rest_route=%2Fwp%2Fv2%2Fmedia&parent=201"}],"curies":[{"name":"wp","href":"https:\/\/api.w.org\/{rel}","templated":true}]}}