{"id":199,"date":"2021-09-09T12:25:04","date_gmt":"2021-09-09T12:25:04","guid":{"rendered":"https:\/\/autourdecommedia.be\/?page_id=199"},"modified":"2025-05-23T09:05:58","modified_gmt":"2025-05-23T09:05:58","slug":"les-actus","status":"publish","type":"page","link":"https:\/\/autourdecommedia.be\/?page_id=199","title":{"rendered":"Les actus"},"content":{"rendered":"\n<p>Les r\u00e9servations se font aupr\u00e8s de la Maison de la La\u00efcit\u00e9 de La Louvi\u00e8re. Contact <a href=\"https:\/\/autourdecommedia.be\/?page_id=35\">ici<\/a><\/p>\n\n\n\n<div class=\"wp-block-media-text alignwide is-stacked-on-mobile\"><figure class=\"wp-block-media-text__media\"><img loading=\"lazy\" decoding=\"async\" width=\"940\" height=\"350\" src=\"https:\/\/autourdecommedia.be\/wp-content\/uploads\/2021\/09\/presse201.jpg\" alt=\"\" class=\"wp-image-293 size-full\" srcset=\"https:\/\/autourdecommedia.be\/wp-content\/uploads\/2021\/09\/presse201.jpg 940w, https:\/\/autourdecommedia.be\/wp-content\/uploads\/2021\/09\/presse201-300x112.jpg 300w, https:\/\/autourdecommedia.be\/wp-content\/uploads\/2021\/09\/presse201-768x286.jpg 768w\" sizes=\"auto, (max-width: 940px) 100vw, 940px\" \/><\/figure><div class=\"wp-block-media-text__content\">\n<p style=\"font-size:28px\">Comm\u00e9dia 2025, c&rsquo;est fini !<\/p>\n\n\n\n<p style=\"font-size:28px\">L&rsquo;animation sera propos\u00e9e \u00e0 nouveau en  2026 : (lu, ma, je et ve) <strong>de 9h \u00e0 15h<\/strong> <br>L&rsquo;animation dure toute la journ\u00e9e.<\/p>\n<\/div><\/div>\n\n\n\n<figure class=\"wp-block-image size-thumbnail\"><img loading=\"lazy\" decoding=\"async\" width=\"150\" height=\"150\" src=\"https:\/\/autourdecommedia.be\/wp-content\/uploads\/2021\/09\/carre-blanc-sur-fond-blanc-150x150.jpg\" alt=\"\" class=\"wp-image-214\" srcset=\"https:\/\/autourdecommedia.be\/wp-content\/uploads\/2021\/09\/carre-blanc-sur-fond-blanc-150x150.jpg 150w, https:\/\/autourdecommedia.be\/wp-content\/uploads\/2021\/09\/carre-blanc-sur-fond-blanc-300x300.jpg 300w, https:\/\/autourdecommedia.be\/wp-content\/uploads\/2021\/09\/carre-blanc-sur-fond-blanc.jpg 350w\" sizes=\"auto, (max-width: 150px) 100vw, 150px\" \/><\/figure>\n\n\n\n<p class=\"has-large-font-size\"><\/p>\n\n\n","protected":false},"excerpt":{"rendered":"<p>Les r\u00e9servations se font aupr\u00e8s de la Maison de la La\u00efcit\u00e9 de La Louvi\u00e8re. Contact ici Comm\u00e9dia 2025, c&rsquo;est fini ! L&rsquo;animation sera propos\u00e9e \u00e0 nouveau en 2026 : (lu, ma, je et ve) de 9h \u00e0 15h L&rsquo;animation dure toute la journ\u00e9e.<\/p>\n","protected":false},"author":2,"featured_media":244,"parent":0,"menu_order":0,"comment_status":"closed","ping_status":"closed","template":"","meta":{"footnotes":""},"class_list":["post-199","page","type-page","status-publish","has-post-thumbnail","czr-hentry"],"_links":{"self":[{"href":"https:\/\/autourdecommedia.be\/index.php?rest_route=\/wp\/v2\/pages\/199","targetHints":{"allow":["GET"]}}],"collection":[{"href":"https:\/\/autourdecommedia.be\/index.php?rest_route=\/wp\/v2\/pages"}],"about":[{"href":"https:\/\/autourdecommedia.be\/index.php?rest_route=\/wp\/v2\/types\/page"}],"author":[{"embeddable":true,"href":"https:\/\/autourdecommedia.be\/index.php?rest_route=\/wp\/v2\/users\/2"}],"replies":[{"embeddable":true,"href":"https:\/\/autourdecommedia.be\/index.php?rest_route=%2Fwp%2Fv2%2Fcomments&post=199"}],"version-history":[{"count":17,"href":"https:\/\/autourdecommedia.be\/index.php?rest_route=\/wp\/v2\/pages\/199\/revisions"}],"predecessor-version":[{"id":379,"href":"https:\/\/autourdecommedia.be\/index.php?rest_route=\/wp\/v2\/pages\/199\/revisions\/379"}],"wp:featuredmedia":[{"embeddable":true,"href":"https:\/\/autourdecommedia.be\/index.php?rest_route=\/wp\/v2\/media\/244"}],"wp:attachment":[{"href":"https:\/\/autourdecommedia.be\/index.php?rest_route=%2Fwp%2Fv2%2Fmedia&parent=199"}],"curies":[{"name":"wp","href":"https:\/\/api.w.org\/{rel}","templated":true}]}}