{"id":185,"date":"2021-09-09T12:04:19","date_gmt":"2021-09-09T12:04:19","guid":{"rendered":"https:\/\/autourdecommedia.be\/?page_id=185"},"modified":"2025-05-23T09:20:15","modified_gmt":"2025-05-23T09:20:15","slug":"le-projet","status":"publish","type":"page","link":"https:\/\/autourdecommedia.be\/?page_id=185","title":{"rendered":"Le projet"},"content":{"rendered":"\n<p><strong>Le projet\u00a0 Com\u2019M\u00e9dia est un jeu de r\u00f4le qui propose aux groupes scolaires une journ\u00e9e durant laquelle ils seront amen\u00e9s \u00e0 former une \u00e9quipe de journalistes afin de r\u00e9aliser leurs reportages ainsi qu\u2019un article de presse pour construire leur blog d\u2019information. <\/strong><br><strong>Cette animation, qui est n\u00e9e en 2007, r\u00e9pond \u00e0 un double objectif : se familiariser avec les outils professionnels du journalisme et porter un regard critique sur la construction de l\u2019information. <\/strong><br><strong>Cette animation s&rsquo;adresse aux jeunes \u00e0 partir de la 2\u00e8me secondaire.<\/strong><br><br><\/p>\n\n\n\n<p><strong>Quels sont les objectifs<\/strong>?<\/p>\n\n\n\n<ul class=\"wp-block-list\">\n<li>Apprendre les diff\u00e9rentes \u00e9tapes dans la construction de l&rsquo;information dans les m\u00e9dias<\/li>\n\n\n\n<li>Apprendre les diff\u00e9rents r\u00f4les des acteurs d&rsquo;une r\u00e9daction<\/li>\n\n\n\n<li>Endosser un des r\u00f4les et en exp\u00e9rimenter les responsabilit\u00e9s et difficult\u00e9s tout au long de la journ\u00e9e<\/li>\n\n\n\n<li>Apprendre les rudiments de la grammaire audio-visuelle telle que l&rsquo;\u00e9chelle des plans, le cadrage, le montage, les diff\u00e9rents sons<\/li>\n\n\n\n<li>Renforcer ses comp\u00e9tences d&rsquo;identification d&rsquo;une source fiable sur le net<\/li>\n\n\n\n<li>Renforcer sa ma\u00eetrise des codes de l&rsquo;information audio-visuelle<\/li>\n\n\n\n<li>Amener \u00e0 r\u00e9fl\u00e9chir sur le choix des mots, le choix des s\u00e9quences vid\u00e9os et le sens final donn\u00e9 \u00e0 l&rsquo;information<\/li>\n\n\n\n<li>Amener \u00e0 r\u00e9fl\u00e9chir sur sa responsabilit\u00e9 en tant que producteur de l&rsquo;information que ce soit de mani\u00e8re directe en la cr\u00e9ant ou de mani\u00e8re indirecte en la partageant<\/li>\n<\/ul>\n","protected":false},"excerpt":{"rendered":"<p>Le projet\u00a0 Com\u2019M\u00e9dia est un jeu de r\u00f4le qui propose aux groupes scolaires une journ\u00e9e durant laquelle ils seront amen\u00e9s \u00e0 former une \u00e9quipe de journalistes afin de r\u00e9aliser leurs reportages ainsi qu\u2019un article de presse pour construire leur blog d\u2019information. Cette animation, qui est n\u00e9e en 2007, r\u00e9pond \u00e0 un double objectif : se [&hellip;]<\/p>\n","protected":false},"author":2,"featured_media":245,"parent":0,"menu_order":0,"comment_status":"closed","ping_status":"closed","template":"","meta":{"footnotes":""},"class_list":["post-185","page","type-page","status-publish","has-post-thumbnail","czr-hentry"],"_links":{"self":[{"href":"https:\/\/autourdecommedia.be\/index.php?rest_route=\/wp\/v2\/pages\/185","targetHints":{"allow":["GET"]}}],"collection":[{"href":"https:\/\/autourdecommedia.be\/index.php?rest_route=\/wp\/v2\/pages"}],"about":[{"href":"https:\/\/autourdecommedia.be\/index.php?rest_route=\/wp\/v2\/types\/page"}],"author":[{"embeddable":true,"href":"https:\/\/autourdecommedia.be\/index.php?rest_route=\/wp\/v2\/users\/2"}],"replies":[{"embeddable":true,"href":"https:\/\/autourdecommedia.be\/index.php?rest_route=%2Fwp%2Fv2%2Fcomments&post=185"}],"version-history":[{"count":6,"href":"https:\/\/autourdecommedia.be\/index.php?rest_route=\/wp\/v2\/pages\/185\/revisions"}],"predecessor-version":[{"id":380,"href":"https:\/\/autourdecommedia.be\/index.php?rest_route=\/wp\/v2\/pages\/185\/revisions\/380"}],"wp:featuredmedia":[{"embeddable":true,"href":"https:\/\/autourdecommedia.be\/index.php?rest_route=\/wp\/v2\/media\/245"}],"wp:attachment":[{"href":"https:\/\/autourdecommedia.be\/index.php?rest_route=%2Fwp%2Fv2%2Fmedia&parent=185"}],"curies":[{"name":"wp","href":"https:\/\/api.w.org\/{rel}","templated":true}]}}